{"id":18,"date":"2018-09-20T05:15:16","date_gmt":"2018-09-20T05:15:16","guid":{"rendered":"https:\/\/demo.themeinwp.com\/business-startup\/construction\/?page_id=18"},"modified":"2019-12-16T16:24:08","modified_gmt":"2019-12-16T16:24:08","slug":"building-renovation","status":"publish","type":"page","link":"https:\/\/saenis.com.al\/?page_id=18","title":{"rendered":"Rreth nesh"},"content":{"rendered":"<h3 style=\"text-align: center;\">&#8220;Sa Enis Group SHPK&#8221; \u00ebsht\u00eb nj\u00eb kompani Shqiptare e cila meret me transportin kombetar,nd\u00ebrkomb\u00ebtar, ekspedit\u00ebn dhe logjistik\u00ebn.<\/h3>\n\n\n<p>Kompania eshte e specializuar n\u00eb transportin rajonal dhe nd\u00ebrkomb\u00ebtar n\u00eb Evrop\u00eb dhe Ballkan. Q\u00ebllimi yn\u00eb kryesor \u00ebsht\u00eb t\u00eb plot\u00ebsojm\u00eb plot\u00ebsisht nevojat e klient\u00ebve tan\u00eb duke ofruar zgjidhje fleksib\u00ebl, individuale dhe komplekse t\u00eb ofrimit.<\/p>\n\n\n\n<p>N\u00eb Logjistik\u00ebn Komb\u00ebtare, punonj\u00ebsit tan\u00eb jane t\u00eb trajnuar dhe motivuar qe t\u00eb gjejn\u00eb nj\u00eb zgjidhje p\u00ebr \u00e7do kerkese t\u00eb transportit.<\/p>\n\n\n\n<p>Fal\u00eb profesionalizmit t\u00eb ekipit tone p\u00ebr nj\u00eb periudh\u00eb t\u00eb shkurt\u00ebr kohe, ne arrit\u00ebm t\u00eb b\u00ebhemi nj\u00eb nga partner\u00ebt e duhur dhe t\u00eb besuesh\u00ebm n\u00eb industri.<\/p>\n\n\n\n<p>Q\u00ebllimi yn\u00eb kryesor \u00ebsht\u00eb t\u00eb plot\u00ebsojm\u00eb plot\u00ebsisht nevojat e klient\u00ebve tan\u00eb duke ofruar zgjidhje fleksib\u00ebl, individuale dhe komplekse t\u00eb ofrimit.<\/p>\n\n\n\n<p> Pozicionimi jone prane portit te Durresit dhe pak kilometra larg  aeroportit dhe kryeqytetit , Tirana na jep mundesin tju ofrojme nje  sherbim te shpejte dhe te sherbejm si porte per pjesen tjeter te vendit  dhe rajonit .  <\/p>\n","protected":false},"excerpt":{"rendered":"<p>&#8220;Sa Enis Group SHPK&#8221; \u00ebsht\u00eb nj\u00eb kompani Shqiptare e cila meret me transportin kombetar,nd\u00ebrkomb\u00ebtar, ekspedit\u00ebn dhe logjistik\u00ebn. Kompania eshte e specializuar n\u00eb transportin <\/p>\n","protected":false},"author":1,"featured_media":19,"parent":0,"menu_order":0,"comment_status":"closed","ping_status":"closed","template":"","meta":[],"_links":{"self":[{"href":"https:\/\/saenis.com.al\/index.php?rest_route=\/wp\/v2\/pages\/18"}],"collection":[{"href":"https:\/\/saenis.com.al\/index.php?rest_route=\/wp\/v2\/pages"}],"about":[{"href":"https:\/\/saenis.com.al\/index.php?rest_route=\/wp\/v2\/types\/page"}],"author":[{"embeddable":true,"href":"https:\/\/saenis.com.al\/index.php?rest_route=\/wp\/v2\/users\/1"}],"replies":[{"embeddable":true,"href":"https:\/\/saenis.com.al\/index.php?rest_route=%2Fwp%2Fv2%2Fcomments&post=18"}],"version-history":[{"count":8,"href":"https:\/\/saenis.com.al\/index.php?rest_route=\/wp\/v2\/pages\/18\/revisions"}],"predecessor-version":[{"id":178,"href":"https:\/\/saenis.com.al\/index.php?rest_route=\/wp\/v2\/pages\/18\/revisions\/178"}],"wp:featuredmedia":[{"embeddable":true,"href":"https:\/\/saenis.com.al\/index.php?rest_route=\/wp\/v2\/media\/19"}],"wp:attachment":[{"href":"https:\/\/saenis.com.al\/index.php?rest_route=%2Fwp%2Fv2%2Fmedia&parent=18"}],"curies":[{"name":"wp","href":"https:\/\/api.w.org\/{rel}","templated":true}]}}